{"id":51,"date":"2019-09-29T09:33:21","date_gmt":"2019-09-29T09:33:21","guid":{"rendered":"https:\/\/www.rappo.info\/wpress\/?page_id=51"},"modified":"2020-03-31T15:08:41","modified_gmt":"2020-03-31T15:08:41","slug":"accueil","status":"publish","type":"page","link":"https:\/\/www.rappo.info\/wpress\/","title":{"rendered":"Accueil"},"content":{"rendered":"<p><span style=\"color: #800080;\"><span style=\"font-family: Arial;\"><span style=\"font-size: large;\">Active depuis pr\u00e8s de 30 ans dans le monde du grimage, je me fais toujours un \u00e9norme plaisir \u00e0 grimer les petits et les grands afin qu\u2019ils passent de bons moments (Carnaval, brandon, anniversaire, porte ouverte, march\u00e9 ou toute autre occasion)<\/span><\/span><\/span><\/p>\n<p><span style=\"color: #000000;\"><span style=\"font-family: Arial;\"><span style=\"font-size: large;\"><span style=\"color: #800080;\">La technique de l\u2019a\u00e9rographe doit \u00eatre ma\u00eetris\u00e9e afin que la peinture soit appliqu\u00e9e en fine couche et qu&rsquo;elle ne se caille pas sur le visage et dure le temps d\u2019une soir\u00e9e.<\/span><\/span><\/span><\/span><\/p>\n<p><span style=\"color: #800080;\"><span style=\"font-family: Arial;\"><span style=\"font-size: large;\">Mon exp\u00e9rience permet de grimer les plus craintifs mais en g\u00e9n\u00e9ral pas en dessous de 3 ans, car les petits sont un peu impressionn\u00e9s par l&rsquo;a\u00e9rographe.<\/span><\/span><\/span><\/p>\n<p><span style=\"color: #800080;\"><span style=\"font-family: Arial;\"><span style=\"font-size: large;\">Les produits utilis\u00e9s sont des produits professionnels et sont adapt\u00e9s pour la peau.(Kryolan, Global, Fusion, Cam\u00e9l\u00e9on&#8230;)<\/span><\/span><\/span><\/p>\n\n\n<div class=\"wp-block-image\"><figure class=\"aligncenter size-medium\"><img loading=\"lazy\" decoding=\"async\" width=\"216\" height=\"300\" src=\"https:\/\/www.rappo.info\/wpress\/wp-content\/uploads\/2020\/03\/Noir-et-blanc-216x300.jpg\" alt=\"\" class=\"wp-image-129\" srcset=\"https:\/\/www.rappo.info\/wpress\/wp-content\/uploads\/2020\/03\/Noir-et-blanc-216x300.jpg 216w, https:\/\/www.rappo.info\/wpress\/wp-content\/uploads\/2020\/03\/Noir-et-blanc.jpg 607w\" sizes=\"auto, (max-width: 216px) 100vw, 216px\" \/><\/figure><\/div>\n","protected":false},"excerpt":{"rendered":"<p>Active depuis pr\u00e8s de 30 ans dans le monde du grimage, je me fais toujours un \u00e9norme plaisir \u00e0 grimer les petits et les grands afin qu\u2019ils passent de bons moments (Carnaval, brandon, anniversaire, porte ouverte, march\u00e9 ou toute autre occasion) La technique de l\u2019a\u00e9rographe doit \u00eatre ma\u00eetris\u00e9e afin que la peinture soit appliqu\u00e9e en &hellip; <\/p>\n<p class=\"link-more\"><a href=\"https:\/\/www.rappo.info\/wpress\/\" class=\"more-link\">Continuer la lecture<span class=\"screen-reader-text\"> de &laquo;&nbsp;Accueil&nbsp;&raquo;<\/span><\/a><\/p>\n","protected":false},"author":1,"featured_media":0,"parent":0,"menu_order":0,"comment_status":"closed","ping_status":"closed","template":"","meta":{"footnotes":""},"class_list":["post-51","page","type-page","status-publish","hentry"],"_links":{"self":[{"href":"https:\/\/www.rappo.info\/wpress\/wp-json\/wp\/v2\/pages\/51","targetHints":{"allow":["GET"]}}],"collection":[{"href":"https:\/\/www.rappo.info\/wpress\/wp-json\/wp\/v2\/pages"}],"about":[{"href":"https:\/\/www.rappo.info\/wpress\/wp-json\/wp\/v2\/types\/page"}],"author":[{"embeddable":true,"href":"https:\/\/www.rappo.info\/wpress\/wp-json\/wp\/v2\/users\/1"}],"replies":[{"embeddable":true,"href":"https:\/\/www.rappo.info\/wpress\/wp-json\/wp\/v2\/comments?post=51"}],"version-history":[{"count":2,"href":"https:\/\/www.rappo.info\/wpress\/wp-json\/wp\/v2\/pages\/51\/revisions"}],"predecessor-version":[{"id":131,"href":"https:\/\/www.rappo.info\/wpress\/wp-json\/wp\/v2\/pages\/51\/revisions\/131"}],"wp:attachment":[{"href":"https:\/\/www.rappo.info\/wpress\/wp-json\/wp\/v2\/media?parent=51"}],"curies":[{"name":"wp","href":"https:\/\/api.w.org\/{rel}","templated":true}]}}