{"id":74,"date":"2019-09-29T13:55:06","date_gmt":"2019-09-29T13:55:06","guid":{"rendered":"https:\/\/www.rappo.info\/wpress\/?page_id=74"},"modified":"2020-03-31T16:54:43","modified_gmt":"2020-03-31T16:54:43","slug":"aerographe","status":"publish","type":"page","link":"https:\/\/www.rappo.info\/wpress\/aerographe\/","title":{"rendered":"A\u00e9rographe"},"content":{"rendered":"\n<p class=\"has-text-color has-vivid-purple-color\">\nL\u2019a\u00e9rographe est un petit\npistolet que les maquettistes utilisent souvent.<\/p>\n\n\n\n<p class=\"has-text-color has-vivid-purple-color\">Il\npermet de peindre extr\u00eamement petit et pr\u00e9cis, mais \u00e9galement des\nsurfaces plus grande selon les&nbsp;diff\u00e9rentes aiguilles utilis\u00e9es.<\/p>\n\n\n\n<p class=\"has-text-color has-vivid-purple-color\">Ceci\nest \u00e9galement tr\u00e8s pratique pour les grimages. Vous pouvez ainsi\npeindre le visage entier pour faire un fond d\u00e9grad\u00e9 puis des petits\nou grands&nbsp;sujets \u00e0 l\u2019aide de chablons.&nbsp;<\/p>\n\n\n\n<p class=\"has-text-color has-vivid-purple-color\">L\u2019a\u00e9rographe\nest \u00e9galement utilis\u00e9 par les artistes peintre pour des tableaux ou\ndes v\u00e9hicules, ainsi que par les boulangers afin de garnir leurs\nmagnifiques pi\u00e8ces et g\u00e2teaux.<\/p>\n","protected":false},"excerpt":{"rendered":"<p>L\u2019a\u00e9rographe est un petit pistolet que les maquettistes utilisent souvent. Il permet de peindre extr\u00eamement petit et pr\u00e9cis, mais \u00e9galement des surfaces plus grande selon les&nbsp;diff\u00e9rentes aiguilles utilis\u00e9es. Ceci est \u00e9galement tr\u00e8s pratique pour les grimages. Vous pouvez ainsi peindre le visage entier pour faire un fond d\u00e9grad\u00e9 puis des petits ou grands&nbsp;sujets \u00e0 l\u2019aide &hellip; <\/p>\n<p class=\"link-more\"><a href=\"https:\/\/www.rappo.info\/wpress\/aerographe\/\" class=\"more-link\">Continuer la lecture<span class=\"screen-reader-text\"> de &laquo;&nbsp;A\u00e9rographe&nbsp;&raquo;<\/span><\/a><\/p>\n","protected":false},"author":1,"featured_media":36,"parent":0,"menu_order":0,"comment_status":"closed","ping_status":"closed","template":"","meta":{"footnotes":""},"class_list":["post-74","page","type-page","status-publish","has-post-thumbnail","hentry"],"_links":{"self":[{"href":"https:\/\/www.rappo.info\/wpress\/wp-json\/wp\/v2\/pages\/74","targetHints":{"allow":["GET"]}}],"collection":[{"href":"https:\/\/www.rappo.info\/wpress\/wp-json\/wp\/v2\/pages"}],"about":[{"href":"https:\/\/www.rappo.info\/wpress\/wp-json\/wp\/v2\/types\/page"}],"author":[{"embeddable":true,"href":"https:\/\/www.rappo.info\/wpress\/wp-json\/wp\/v2\/users\/1"}],"replies":[{"embeddable":true,"href":"https:\/\/www.rappo.info\/wpress\/wp-json\/wp\/v2\/comments?post=74"}],"version-history":[{"count":2,"href":"https:\/\/www.rappo.info\/wpress\/wp-json\/wp\/v2\/pages\/74\/revisions"}],"predecessor-version":[{"id":135,"href":"https:\/\/www.rappo.info\/wpress\/wp-json\/wp\/v2\/pages\/74\/revisions\/135"}],"wp:featuredmedia":[{"embeddable":true,"href":"https:\/\/www.rappo.info\/wpress\/wp-json\/wp\/v2\/media\/36"}],"wp:attachment":[{"href":"https:\/\/www.rappo.info\/wpress\/wp-json\/wp\/v2\/media?parent=74"}],"curies":[{"name":"wp","href":"https:\/\/api.w.org\/{rel}","templated":true}]}}