{"id":80,"date":"2019-09-29T14:00:15","date_gmt":"2019-09-29T14:00:15","guid":{"rendered":"https:\/\/www.rappo.info\/wpress\/?page_id=80"},"modified":"2019-09-29T14:06:03","modified_gmt":"2019-09-29T14:06:03","slug":"cours-daerographe","status":"publish","type":"page","link":"https:\/\/www.rappo.info\/wpress\/cours-daerographe\/","title":{"rendered":"Cours d&rsquo;a\u00e9rographe"},"content":{"rendered":"\n<p>\nLes cours se d\u00e9roulent&nbsp;\u00e0\nmon domicile \u00e0 Nierlet-les-Bois et s\u2019adressent \u00e0&nbsp;<strong>des\ncliques\/guggen<\/strong>.\n<br>\nLes participants qui poss\u00e8dent d\u00e9j\u00e0 du mat\u00e9riel les\nprennent avec aux cours, ainsi on peut directement voir si il y a des\nsoucis de manipulation ou techniques.<\/p>\n\n\n\n<p><strong>Le\ncours se d\u00e9roule en g\u00e9n\u00e9ral un samedi sur la journ\u00e9e,<\/strong><\/p>\n\n\n\n<p><strong>de\n9h00-12h00 et de 13h30-16h00.<\/strong><\/p>\n\n\n\n<p>Le\nmatin nous suivrons plut\u00f4t l\u2019aspect technique, la manipulation de\nl\u2019a\u00e9rographe ainsi le montage, nettoyage et remontage du pistolet.\nL\u2019apr\u00e8s-midi nous faisons des grimages sur le mod\u00e9le qui nous\nrejoindra, afin de s\u2019excercer sur un visage.<\/p>\n\n\n\n<p>Les\nparticipants prennent avec eux un bandeau pour les cheveux (mod\u00e8le)\net un tablier.<\/p>\n\n\n\n<p>Conception du grimage en harmonie avec votre costume et cr\u00e9ation des chablons sont aussi disponible en formation.  <\/p>\n\n\n\n<ul class=\"wp-block-gallery columns-3 is-cropped wp-block-gallery-1 is-layout-flex wp-block-gallery-is-layout-flex\"><li class=\"blocks-gallery-item\"><figure><img loading=\"lazy\" decoding=\"async\" width=\"313\" height=\"557\" src=\"https:\/\/www.rappo.info\/wpress\/wp-content\/uploads\/2019\/09\/20190727_110438-1.jpg\" alt=\"\" data-id=\"98\" data-link=\"https:\/\/www.rappo.info\/wpress\/cours-daerographe\/20190727_110438-1\/\" class=\"wp-image-98\" srcset=\"https:\/\/www.rappo.info\/wpress\/wp-content\/uploads\/2019\/09\/20190727_110438-1.jpg 313w, https:\/\/www.rappo.info\/wpress\/wp-content\/uploads\/2019\/09\/20190727_110438-1-169x300.jpg 169w\" sizes=\"auto, (max-width: 313px) 100vw, 313px\" \/><\/figure><\/li><li class=\"blocks-gallery-item\"><figure><img loading=\"lazy\" decoding=\"async\" width=\"300\" height=\"225\" src=\"https:\/\/www.rappo.info\/wpress\/wp-content\/uploads\/2019\/09\/cours-1-1.jpg\" alt=\"\" data-id=\"99\" data-link=\"https:\/\/www.rappo.info\/wpress\/cours-daerographe\/cours-1-1\/\" class=\"wp-image-99\"\/><\/figure><\/li><li class=\"blocks-gallery-item\"><figure><img loading=\"lazy\" decoding=\"async\" width=\"300\" height=\"225\" src=\"https:\/\/www.rappo.info\/wpress\/wp-content\/uploads\/2019\/09\/cours-2-1.jpg\" alt=\"\" data-id=\"100\" data-link=\"https:\/\/www.rappo.info\/wpress\/cours-daerographe\/cours-2-1\/\" class=\"wp-image-100\"\/><\/figure><\/li><li class=\"blocks-gallery-item\"><figure><img loading=\"lazy\" decoding=\"async\" width=\"300\" height=\"225\" src=\"https:\/\/www.rappo.info\/wpress\/wp-content\/uploads\/2019\/09\/cours-3-1.jpg\" alt=\"\" data-id=\"101\" data-link=\"https:\/\/www.rappo.info\/wpress\/cours-daerographe\/cours-3-1\/\" class=\"wp-image-101\"\/><\/figure><\/li><li class=\"blocks-gallery-item\"><figure><img loading=\"lazy\" decoding=\"async\" width=\"300\" height=\"225\" src=\"https:\/\/www.rappo.info\/wpress\/wp-content\/uploads\/2019\/09\/cours-4-1.jpg\" alt=\"\" data-id=\"102\" data-link=\"https:\/\/www.rappo.info\/wpress\/cours-daerographe\/cours-4-1\/\" class=\"wp-image-102\"\/><\/figure><\/li><\/ul>\n","protected":false},"excerpt":{"rendered":"<p>Les cours se d\u00e9roulent&nbsp;\u00e0 mon domicile \u00e0 Nierlet-les-Bois et s\u2019adressent \u00e0&nbsp;des cliques\/guggen. Les participants qui poss\u00e8dent d\u00e9j\u00e0 du mat\u00e9riel les prennent avec aux cours, ainsi on peut directement voir si il y a des soucis de manipulation ou techniques. Le cours se d\u00e9roule en g\u00e9n\u00e9ral un samedi sur la journ\u00e9e, de 9h00-12h00 et de 13h30-16h00. &hellip; <\/p>\n<p class=\"link-more\"><a href=\"https:\/\/www.rappo.info\/wpress\/cours-daerographe\/\" class=\"more-link\">Continuer la lecture<span class=\"screen-reader-text\"> de &laquo;&nbsp;Cours d&rsquo;a\u00e9rographe&nbsp;&raquo;<\/span><\/a><\/p>\n","protected":false},"author":1,"featured_media":0,"parent":0,"menu_order":0,"comment_status":"closed","ping_status":"closed","template":"","meta":{"footnotes":""},"class_list":["post-80","page","type-page","status-publish","hentry"],"_links":{"self":[{"href":"https:\/\/www.rappo.info\/wpress\/wp-json\/wp\/v2\/pages\/80","targetHints":{"allow":["GET"]}}],"collection":[{"href":"https:\/\/www.rappo.info\/wpress\/wp-json\/wp\/v2\/pages"}],"about":[{"href":"https:\/\/www.rappo.info\/wpress\/wp-json\/wp\/v2\/types\/page"}],"author":[{"embeddable":true,"href":"https:\/\/www.rappo.info\/wpress\/wp-json\/wp\/v2\/users\/1"}],"replies":[{"embeddable":true,"href":"https:\/\/www.rappo.info\/wpress\/wp-json\/wp\/v2\/comments?post=80"}],"version-history":[{"count":3,"href":"https:\/\/www.rappo.info\/wpress\/wp-json\/wp\/v2\/pages\/80\/revisions"}],"predecessor-version":[{"id":104,"href":"https:\/\/www.rappo.info\/wpress\/wp-json\/wp\/v2\/pages\/80\/revisions\/104"}],"wp:attachment":[{"href":"https:\/\/www.rappo.info\/wpress\/wp-json\/wp\/v2\/media?parent=80"}],"curies":[{"name":"wp","href":"https:\/\/api.w.org\/{rel}","templated":true}]}}